{"id":1723,"date":"2017-05-16T13:57:18","date_gmt":"2017-05-16T11:57:18","guid":{"rendered":"http:\/\/www.naturit.it\/?page_id=1723\/"},"modified":"2026-04-03T11:09:41","modified_gmt":"2026-04-03T09:09:41","slug":"prodotti-dei-territori","status":"publish","type":"page","link":"https:\/\/www.naturit.it\/it\/prodotti-dei-territori\/","title":{"rendered":"Prodotti dei territori"},"content":{"rendered":"<p>[vc_row css=&#8221;.vc_custom_1494929745903{background-color: #ffffff !important;}&#8221;][vc_column][vc_column_text css_animation=&#8221;none&#8221; css=&#8221;.vc_custom_1775207346873{margin-bottom: 30px !important;}&#8221;]<\/p>\n<h2 style=\"text-align: left;\">Prodotti\u00a0dei territori<\/h2>\n<p style=\"text-align: left;\">L\u2019Italia \u00e8 uno dei paesi con la pi\u00f9 alta percentuale di territorio posto sotto tutela e con un patrimonio enogastronomico senza pari al mondo, in questo contesto, l\u2019agricoltura costituisce l\u2019anello di congiunzione tra la tradizione rurale e l\u2019uomo, che diventa custode del paesaggio e produttore, tra le altre, di prestigiosi prodotti ortofrutticoli italiani.<\/p>\n<p style=\"text-align: left;\">In questo scenario si sviluppa il progetto di Naturitalia per valorizzare i prodotti e i produttori locali di frutta e verdura, custodi della tradizione ortofrutticola del nostro paese.<br \/>\nI prodotti caratteristici di un territorio rappresentano quotidianamente quell\u2019area in termini di sapere e sapori e concorrono a creare nuovi valori ed occasioni di consumo nei consumatori.<\/p>\n<p style=\"text-align: left;\"><strong>L\u2019obiettivo di Naturitalia \u00e8 quello di valorizzare i prodotti e gli agricoltori locali e proporre al consumatore le migliori produzioni ortofrutticole da diversi territori d\u2019Italia, contribuendo cos\u00ec a mantenere viva e sostenibile l\u2019agricoltura in quelle aree vocate ma spesso difficili anche da un punto di vista geografico.<\/strong><\/p>\n<p>[\/vc_column_text][vc_empty_space][\/vc_column][\/vc_row][vc_row css=&#8221;.vc_custom_1494929752955{background-color: #ffffff !important;}&#8221;][vc_column width=&#8221;1\/2&#8243;][vc_single_image image=&#8221;2332&#8243; img_size=&#8221;medium&#8221;][vc_empty_space][\/vc_column][vc_column width=&#8221;1\/2&#8243;][vc_column_text]<\/p>\n<h3>Patata dell\u2019Appennino Emiliano<\/h3>\n<p>Un prodotto caratterizzato da un livello qualitativo particolarmente elevato grazie alle condizioni pedoclimatiche ideali che questa specie trova nell\u2019ambiente di montagna.<\/p>\n<p>Nel comprensorio appenninico dell\u2019Emilia, la patata viene coltivata in piccoli appezzamenti con terreni generalmente friabili sui quali si estendono anche numerosi boschi, questo mix di fattori mantiene le temperature piuttosto fresche anche nei mesi estivi, una caratteristica che conferisce alle patate una qualit\u00e0 un sapore davvero inconfondibili.<\/p>\n<p>La Patata dell\u2019Appennino Emiliano \u00e8 coltivata prevalentemente nella provincia di Bologna.<\/p>\n<p>[\/vc_column_text][vc_single_image image=&#8221;2478&#8243; img_size=&#8221;medium&#8221; el_class=&#8221;hidden-md&#8221; css=&#8221;.vc_custom_1506500972528{margin-top: 40px !important;}&#8221;][\/vc_column][\/vc_row][vc_row css=&#8221;.vc_custom_1494929752955{background-color: #ffffff !important;}&#8221;][vc_column width=&#8221;1\/2&#8243;][vc_column_text]<\/p>\n<h3>Patata del Piemonte<\/h3>\n<p>La coltivazione della Patata avviene in areali che presentano le condizioni climatiche ideali e sfruttando le particolarit\u00e0 ed i valori propri del territorio del Piemonte.<\/p>\n<p>Il prodotto coltivato prevalentemente in provincia di Alessandria proviene generalmente da terreni di medio impasto, freschi e con un buon contenuto di sostanza organica grazie alla vicinanza ai corsi d\u2019acqua, caratteristiche che conferiscono alla Patata qualit\u00e0 e sapore inconfondibili.[\/vc_column_text][\/vc_column][vc_column width=&#8221;1\/2&#8243; el_class=&#8221;hidden-sm&#8221;][vc_single_image image=&#8221;2478&#8243; img_size=&#8221;medium&#8221; el_class=&#8221;sm-padding-top-40&#8243;][vc_empty_space][\/vc_column][\/vc_row][vc_row css=&#8221;.vc_custom_1494929752955{background-color: #ffffff !important;}&#8221;][vc_column width=&#8221;1\/2&#8243;][vc_single_image image=&#8221;2520&#8243; img_size=&#8221;medium&#8221; el_class=&#8221;sm-padding-top-40&#8243;][vc_empty_space][\/vc_column][vc_column width=&#8221;1\/2&#8243;][vc_column_text]<\/p>\n<h3>Patata di Ovoledo<\/h3>\n<p>Le ideali caratteristiche ambientali e la costanza di una buona tradizione, fanno della Patata di Ovoledo di Zoppola, in Friuli Venezia Giulia, una dell\u2019eccellenze d\u2019Italia.<\/p>\n<p>Coltivata in terreni costituiti in prevalenza da sabbie depositate dal fiume Meduna, le cui acque purissime, usate per la sua irrigazione, hanno origini nelle Dolomiti friulane, le Patate si presentano alla raccolta pulite e uniformi.<\/p>\n<p>Un ambiente naturale vocato unito a tecniche di coltivazione all\u2019avanguardia, conferiscono alla Patata di Ovoledo caratteristiche di qualit\u00e0 e di pregio uniche.[\/vc_column_text][\/vc_column][\/vc_row][vc_row css=&#8221;.vc_custom_1494929752955{background-color: #ffffff !important;}&#8221;][vc_column width=&#8221;1\/2&#8243;][vc_single_image image=&#8221;2489&#8243; img_size=&#8221;medium&#8221; el_class=&#8221;hidden-md sm-padding-top-40&#8243;][vc_column_text]<\/p>\n<h3>Patata dell&#8217;Emilia Romagna<\/h3>\n<p>La produzione avviene in terreni pedecollinari e di pianura bonificati, tipici della provincia felsinea, ricchi di sedimenti alluvionali e di potassio, i quali conferiscono una qualit\u00e0 unica alla patata.<\/p>\n<p>Grazie al suolo di coltivazione, ricco di sostanza nutritive, al microclima unico dell\u2019areale, e alla capacit\u00e0 produttiva legata all\u2019innovazione e alla tradizione del territorio, la patata prodotta nella pianura emiliana \u00e8 apprezzata e conosciuta per la sua qualit\u00e0.[\/vc_column_text][\/vc_column][vc_column width=&#8221;1\/2&#8243; el_class=&#8221;hidden-sm&#8221;][vc_single_image image=&#8221;2489&#8243; img_size=&#8221;medium&#8221;][vc_empty_space][\/vc_column][\/vc_row][vc_row css=&#8221;.vc_custom_1494929752955{background-color: #ffffff !important;}&#8221;][vc_column width=&#8221;1\/2&#8243;][vc_single_image image=&#8221;2480&#8243; img_size=&#8221;medium&#8221;][vc_empty_space][\/vc_column][vc_column width=&#8221;1\/2&#8243;][vc_column_text]<\/p>\n<h3>Patata della Toscana<\/h3>\n<p>La coltivazione della Patata avviene in areali che presentano le condizioni climatiche ideali, sfruttando le particolarit\u00e0 ed i valori propri del territorio della Toscana.<\/p>\n<p>Il prodotto coltivato in Toscana proviene generalmente da terreni rossi e sabbiosi a medio impasto e con un buon contenuto di sostanza organica, caratteristiche che conferiscono alla Patata qualit\u00e0 e sapore inconfondibili.<\/p>\n<p>Un prodotto ortofrutticolo tutto italiano proveniente dalle zone di coltivazione pi\u00f9 vocate del paese.[\/vc_column_text][\/vc_column][\/vc_row][vc_row css=&#8221;.vc_custom_1494929752955{background-color: #ffffff !important;}&#8221;][vc_column width=&#8221;1\/2&#8243;][vc_single_image image=&#8221;2474&#8243; img_size=&#8221;medium&#8221; el_class=&#8221;hidden-md sm-padding-top-40&#8243;][vc_column_text]<\/p>\n<h3>Patata della Lombardia<\/h3>\n<p>La coltivazione della patata avviene negli areali della pianura padana che presentano le condizioni climatiche ideali per la produzione.<\/p>\n<p>Il prodotto coltivato in Lombardia proviene generalmente da terreni di medio impasto o di formazione alluvionale, con diversi rapporti percentuali di sabbia, limo e argilla, caratteristiche che conferiscono alla Patata qualit\u00e0 e sapore inconfondibili.<\/p>\n<p>Un prodotto ortofrutticolo tutto italiano proveniente dalle zone di coltivazione pi\u00f9 vocate del paese.[\/vc_column_text][\/vc_column][vc_column width=&#8221;1\/2&#8243; el_class=&#8221;hidden-sm&#8221;][vc_single_image image=&#8221;2474&#8243; img_size=&#8221;medium&#8221;][vc_empty_space][\/vc_column][\/vc_row][vc_row css=&#8221;.vc_custom_1494929752955{background-color: #ffffff !important;}&#8221;][vc_column width=&#8221;1\/2&#8243;][vc_single_image image=&#8221;2476&#8243; img_size=&#8221;medium&#8221;][vc_empty_space][\/vc_column][vc_column width=&#8221;1\/2&#8243;][vc_column_text]<\/p>\n<h3>Cipolla della Toscana<\/h3>\n<p>La coltivazione della cipolla della Toscana avviene in areali che presentano le condizioni climatiche ideali, sfruttando le particolarit\u00e0 della regione. Oltre alla vocazione del territorio in cui \u00e8 coltivata, la qualit\u00e0 della cipolla prodotta in Toscana deriva dalla tecnica sviluppata dagli agricoltori, che hanno saputo coniugare nel tempo la tradizione produttiva con le moderne tecniche di coltivazione.<\/p>\n<p>Un prodotto ortofrutticolo tutto italiano proveniente dalle zone di coltivazione pi\u00f9 vocate del paese.[\/vc_column_text][\/vc_column][\/vc_row]<\/p>\n","protected":false},"excerpt":{"rendered":"<p>[vc_row css=&#8221;.vc_custom_1494929745903{background-color: #ffffff !important;}&#8221;][vc_column][vc_column_text css_animation=&#8221;none&#8221; css=&#8221;.vc_custom_1775207346873{margin-bottom: 30px !important;}&#8221;] Prodotti\u00a0dei territori L\u2019Italia \u00e8 uno dei paesi con la pi\u00f9 alta percentuale di territorio posto sotto tutela e con un patrimonio enogastronomico senza pari al mondo, in questo contesto, l\u2019agricoltura costituisce l\u2019anello di congiunzione tra la tradizione rurale e l\u2019uomo, che diventa custode del paesaggio e produttore, tra le altre, di prestigiosi&#8230;<\/p>\n<div><a href=\"https:\/\/www.naturit.it\/it\/prodotti-dei-territori\/\" class=\"view-more\"><span>Leggi tutto<\/span><\/a><\/div>\n","protected":false},"author":1,"featured_media":0,"parent":0,"menu_order":0,"comment_status":"closed","ping_status":"closed","template":"","meta":{"_acf_changed":false,"footnotes":""},"class_list":["post-1723","page","type-page","status-publish","hentry","no-featured"],"acf":[],"yoast_head":"<!-- This site is optimized with the Yoast SEO plugin v27.3 - https:\/\/yoast.com\/product\/yoast-seo-wordpress\/ -->\n<title>Prodotti dei territori - Naturitalia<\/title>\n<meta name=\"robots\" content=\"index, follow, max-snippet:-1, max-image-preview:large, max-video-preview:-1\" \/>\n<link rel=\"canonical\" href=\"https:\/\/www.naturit.it\/it\/prodotti-dei-territori\/\" \/>\n<meta property=\"og:locale\" content=\"it_IT\" \/>\n<meta property=\"og:type\" content=\"article\" \/>\n<meta property=\"og:title\" content=\"Prodotti dei territori - Naturitalia\" \/>\n<meta property=\"og:description\" content=\"[vc_row css=&#8221;.vc_custom_1494929745903{background-color: #ffffff !important;}&#8221;][vc_column][vc_column_text css_animation=&#8221;none&#8221; css=&#8221;.vc_custom_1775207346873{margin-bottom: 30px !important;}&#8221;] Prodotti\u00a0dei territori L\u2019Italia \u00e8 uno dei paesi con la pi\u00f9 alta percentuale di territorio posto sotto tutela e con un patrimonio enogastronomico senza pari al mondo, in questo contesto, l\u2019agricoltura costituisce l\u2019anello di congiunzione tra la tradizione rurale e l\u2019uomo, che diventa custode del paesaggio e produttore, tra le altre, di prestigiosi...Leggi tutto\" \/>\n<meta property=\"og:url\" content=\"https:\/\/www.naturit.it\/it\/prodotti-dei-territori\/\" \/>\n<meta property=\"og:site_name\" content=\"Naturitalia\" \/>\n<meta property=\"article:publisher\" content=\"http:\/\/www.facebook.com\/pages\/Naturitalia\/375790549147932\" \/>\n<meta property=\"article:modified_time\" content=\"2026-04-03T09:09:41+00:00\" \/>\n<meta name=\"twitter:card\" content=\"summary_large_image\" \/>\n<meta name=\"twitter:site\" content=\"@Naturitalia\" \/>\n<meta name=\"twitter:label1\" content=\"Tempo di lettura stimato\" \/>\n\t<meta name=\"twitter:data1\" content=\"5 minuti\" \/>\n<script type=\"application\/ld+json\" class=\"yoast-schema-graph\">{\"@context\":\"https:\\\/\\\/schema.org\",\"@graph\":[{\"@type\":\"WebPage\",\"@id\":\"https:\\\/\\\/www.naturit.it\\\/it\\\/prodotti-dei-territori\\\/\",\"url\":\"https:\\\/\\\/www.naturit.it\\\/it\\\/prodotti-dei-territori\\\/\",\"name\":\"Prodotti dei territori - Naturitalia\",\"isPartOf\":{\"@id\":\"https:\\\/\\\/www.naturit.it\\\/it\\\/#website\"},\"datePublished\":\"2017-05-16T11:57:18+00:00\",\"dateModified\":\"2026-04-03T09:09:41+00:00\",\"breadcrumb\":{\"@id\":\"https:\\\/\\\/www.naturit.it\\\/it\\\/prodotti-dei-territori\\\/#breadcrumb\"},\"inLanguage\":\"it-IT\",\"potentialAction\":[{\"@type\":\"ReadAction\",\"target\":[\"https:\\\/\\\/www.naturit.it\\\/it\\\/prodotti-dei-territori\\\/\"]}]},{\"@type\":\"BreadcrumbList\",\"@id\":\"https:\\\/\\\/www.naturit.it\\\/it\\\/prodotti-dei-territori\\\/#breadcrumb\",\"itemListElement\":[{\"@type\":\"ListItem\",\"position\":1,\"name\":\"Home\",\"item\":\"https:\\\/\\\/www.naturit.it\\\/it\\\/\"},{\"@type\":\"ListItem\",\"position\":2,\"name\":\"Prodotti dei territori\"}]},{\"@type\":\"WebSite\",\"@id\":\"https:\\\/\\\/www.naturit.it\\\/it\\\/#website\",\"url\":\"https:\\\/\\\/www.naturit.it\\\/it\\\/\",\"name\":\"Naturitalia\",\"description\":\"Una grande cooperativa ortofrutticola italiana\",\"publisher\":{\"@id\":\"https:\\\/\\\/www.naturit.it\\\/it\\\/#organization\"},\"potentialAction\":[{\"@type\":\"SearchAction\",\"target\":{\"@type\":\"EntryPoint\",\"urlTemplate\":\"https:\\\/\\\/www.naturit.it\\\/it\\\/?s={search_term_string}\"},\"query-input\":{\"@type\":\"PropertyValueSpecification\",\"valueRequired\":true,\"valueName\":\"search_term_string\"}}],\"inLanguage\":\"it-IT\"},{\"@type\":\"Organization\",\"@id\":\"https:\\\/\\\/www.naturit.it\\\/it\\\/#organization\",\"name\":\"Naturitalia\",\"url\":\"https:\\\/\\\/www.naturit.it\\\/it\\\/\",\"logo\":{\"@type\":\"ImageObject\",\"inLanguage\":\"it-IT\",\"@id\":\"https:\\\/\\\/www.naturit.it\\\/it\\\/#\\\/schema\\\/logo\\\/image\\\/\",\"url\":\"https:\\\/\\\/www.naturit.it\\\/wp-content\\\/uploads\\\/2017\\\/06\\\/logo-2.png\",\"contentUrl\":\"https:\\\/\\\/www.naturit.it\\\/wp-content\\\/uploads\\\/2017\\\/06\\\/logo-2.png\",\"width\":395,\"height\":218,\"caption\":\"Naturitalia\"},\"image\":{\"@id\":\"https:\\\/\\\/www.naturit.it\\\/it\\\/#\\\/schema\\\/logo\\\/image\\\/\"},\"sameAs\":[\"http:\\\/\\\/www.facebook.com\\\/pages\\\/Naturitalia\\\/375790549147932\",\"https:\\\/\\\/x.com\\\/Naturitalia\",\"https:\\\/\\\/www.youtube.com\\\/channel\\\/UCTUzMKWvVgBI3YAVjSbhinQ\"]}]}<\/script>\n<!-- \/ Yoast SEO plugin. -->","yoast_head_json":{"title":"Prodotti dei territori - Naturitalia","robots":{"index":"index","follow":"follow","max-snippet":"max-snippet:-1","max-image-preview":"max-image-preview:large","max-video-preview":"max-video-preview:-1"},"canonical":"https:\/\/www.naturit.it\/it\/prodotti-dei-territori\/","og_locale":"it_IT","og_type":"article","og_title":"Prodotti dei territori - Naturitalia","og_description":"[vc_row css=&#8221;.vc_custom_1494929745903{background-color: #ffffff !important;}&#8221;][vc_column][vc_column_text css_animation=&#8221;none&#8221; css=&#8221;.vc_custom_1775207346873{margin-bottom: 30px !important;}&#8221;] Prodotti\u00a0dei territori L\u2019Italia \u00e8 uno dei paesi con la pi\u00f9 alta percentuale di territorio posto sotto tutela e con un patrimonio enogastronomico senza pari al mondo, in questo contesto, l\u2019agricoltura costituisce l\u2019anello di congiunzione tra la tradizione rurale e l\u2019uomo, che diventa custode del paesaggio e produttore, tra le altre, di prestigiosi...Leggi tutto","og_url":"https:\/\/www.naturit.it\/it\/prodotti-dei-territori\/","og_site_name":"Naturitalia","article_publisher":"http:\/\/www.facebook.com\/pages\/Naturitalia\/375790549147932","article_modified_time":"2026-04-03T09:09:41+00:00","twitter_card":"summary_large_image","twitter_site":"@Naturitalia","twitter_misc":{"Tempo di lettura stimato":"5 minuti"},"schema":{"@context":"https:\/\/schema.org","@graph":[{"@type":"WebPage","@id":"https:\/\/www.naturit.it\/it\/prodotti-dei-territori\/","url":"https:\/\/www.naturit.it\/it\/prodotti-dei-territori\/","name":"Prodotti dei territori - Naturitalia","isPartOf":{"@id":"https:\/\/www.naturit.it\/it\/#website"},"datePublished":"2017-05-16T11:57:18+00:00","dateModified":"2026-04-03T09:09:41+00:00","breadcrumb":{"@id":"https:\/\/www.naturit.it\/it\/prodotti-dei-territori\/#breadcrumb"},"inLanguage":"it-IT","potentialAction":[{"@type":"ReadAction","target":["https:\/\/www.naturit.it\/it\/prodotti-dei-territori\/"]}]},{"@type":"BreadcrumbList","@id":"https:\/\/www.naturit.it\/it\/prodotti-dei-territori\/#breadcrumb","itemListElement":[{"@type":"ListItem","position":1,"name":"Home","item":"https:\/\/www.naturit.it\/it\/"},{"@type":"ListItem","position":2,"name":"Prodotti dei territori"}]},{"@type":"WebSite","@id":"https:\/\/www.naturit.it\/it\/#website","url":"https:\/\/www.naturit.it\/it\/","name":"Naturitalia","description":"Una grande cooperativa ortofrutticola italiana","publisher":{"@id":"https:\/\/www.naturit.it\/it\/#organization"},"potentialAction":[{"@type":"SearchAction","target":{"@type":"EntryPoint","urlTemplate":"https:\/\/www.naturit.it\/it\/?s={search_term_string}"},"query-input":{"@type":"PropertyValueSpecification","valueRequired":true,"valueName":"search_term_string"}}],"inLanguage":"it-IT"},{"@type":"Organization","@id":"https:\/\/www.naturit.it\/it\/#organization","name":"Naturitalia","url":"https:\/\/www.naturit.it\/it\/","logo":{"@type":"ImageObject","inLanguage":"it-IT","@id":"https:\/\/www.naturit.it\/it\/#\/schema\/logo\/image\/","url":"https:\/\/www.naturit.it\/wp-content\/uploads\/2017\/06\/logo-2.png","contentUrl":"https:\/\/www.naturit.it\/wp-content\/uploads\/2017\/06\/logo-2.png","width":395,"height":218,"caption":"Naturitalia"},"image":{"@id":"https:\/\/www.naturit.it\/it\/#\/schema\/logo\/image\/"},"sameAs":["http:\/\/www.facebook.com\/pages\/Naturitalia\/375790549147932","https:\/\/x.com\/Naturitalia","https:\/\/www.youtube.com\/channel\/UCTUzMKWvVgBI3YAVjSbhinQ"]}]}},"_links":{"self":[{"href":"https:\/\/www.naturit.it\/it\/wp-json\/wp\/v2\/pages\/1723","targetHints":{"allow":["GET"]}}],"collection":[{"href":"https:\/\/www.naturit.it\/it\/wp-json\/wp\/v2\/pages"}],"about":[{"href":"https:\/\/www.naturit.it\/it\/wp-json\/wp\/v2\/types\/page"}],"author":[{"embeddable":true,"href":"https:\/\/www.naturit.it\/it\/wp-json\/wp\/v2\/users\/1"}],"replies":[{"embeddable":true,"href":"https:\/\/www.naturit.it\/it\/wp-json\/wp\/v2\/comments?post=1723"}],"version-history":[{"count":21,"href":"https:\/\/www.naturit.it\/it\/wp-json\/wp\/v2\/pages\/1723\/revisions"}],"predecessor-version":[{"id":3648,"href":"https:\/\/www.naturit.it\/it\/wp-json\/wp\/v2\/pages\/1723\/revisions\/3648"}],"wp:attachment":[{"href":"https:\/\/www.naturit.it\/it\/wp-json\/wp\/v2\/media?parent=1723"}],"curies":[{"name":"wp","href":"https:\/\/api.w.org\/{rel}","templated":true}]}}