{"id":1431,"date":"2017-05-05T17:47:57","date_gmt":"2017-05-05T15:47:57","guid":{"rendered":"http:\/\/www.naturit.it\/?post_type=product&#038;p=1431\/"},"modified":"2017-09-27T14:17:11","modified_gmt":"2017-09-27T12:17:11","slug":"meloni","status":"publish","type":"product","link":"https:\/\/www.naturit.it\/it\/prodotto\/meloni\/","title":{"rendered":"Meloni"},"content":{"rendered":"<p>[vc_row css=&#8221;.vc_custom_1492772204955{background-color: #ffffff !important;}&#8221;][vc_column][vc_tta_tabs color=&#8221;white&#8221; active_section=&#8221;1&#8243;][vc_tta_section title=&#8221;Variet\u00e0&#8221; tab_id=&#8221;1492769576161-dc71a75a-b927&#8243; el_class=&#8221;pl-varieta&#8221;][vc_column_text]<\/p>\n<table class=\"telerik-reTable-2\">\n<tbody>\n<tr class=\"telerik-reTableHeaderRow-2\">\n<td class=\"telerik-reTableHeaderFirstCol-2\" width=\"80\"><\/td>\n<td class=\"telerik-reTableHeaderOddCol-2\">\u00a0GEN<\/td>\n<td class=\"telerik-reTableHeaderEvenCol-2\">FEB<\/td>\n<td class=\"telerik-reTableHeaderOddCol-2\">MAR<\/td>\n<td class=\"telerik-reTableHeaderEvenCol-2\">APR<\/td>\n<td class=\"telerik-reTableHeaderOddCol-2\">MAG<\/td>\n<td class=\"telerik-reTableHeaderEvenCol-2\">GIU<\/td>\n<td class=\"telerik-reTableHeaderOddCol-2\">LUG<\/td>\n<td class=\"telerik-reTableHeaderEvenCol-2\">AGO<\/td>\n<td class=\"telerik-reTableHeaderOddCol-2\">SET<\/td>\n<td class=\"telerik-reTableHeaderEvenCol-2\">OTT<\/td>\n<td class=\"telerik-reTableHeaderOddCol-2\">NOV<\/td>\n<td class=\"telerik-reTableHeaderLastCol-2\">DIC<\/td>\n<\/tr>\n<tr class=\"telerik-reTableOddRow-2\">\n<td class=\"telerik-reTableFirstCol-2\">Macigno<\/td>\n<td class=\"telerik-reTableOddCol-2\"><\/td>\n<td class=\"telerik-reTableEvenCol-2\"><\/td>\n<td class=\"telerik-reTableOddCol-2\"><\/td>\n<td class=\"telerik-reTableEvenCol-2\"><\/td>\n<td class=\"telerik-reTableOddCol-2\"><img loading=\"lazy\" decoding=\"async\" class=\"alignnone size-full wp-image-2355\" src=\"http:\/\/www.naturit.it\/wp-content\/uploads\/2017\/04\/foglia_ok.png\" alt=\"\" width=\"30\" height=\"30\" \/><\/td>\n<td class=\"telerik-reTableEvenCol-2\"><img loading=\"lazy\" decoding=\"async\" class=\"alignnone size-full wp-image-2355\" src=\"http:\/\/www.naturit.it\/wp-content\/uploads\/2017\/04\/foglia_ok.png\" alt=\"\" width=\"30\" height=\"30\" \/><\/td>\n<td class=\"telerik-reTableOddCol-2\"><img loading=\"lazy\" decoding=\"async\" class=\"alignnone size-full wp-image-2355\" src=\"http:\/\/www.naturit.it\/wp-content\/uploads\/2017\/04\/foglia_ok.png\" alt=\"\" width=\"30\" height=\"30\" \/><\/td>\n<td class=\"telerik-reTableEvenCol-2\"><img loading=\"lazy\" decoding=\"async\" class=\"alignnone size-full wp-image-2355\" src=\"http:\/\/www.naturit.it\/wp-content\/uploads\/2017\/04\/foglia_ok.png\" alt=\"\" width=\"30\" height=\"30\" \/><\/td>\n<td class=\"telerik-reTableOddCol-2\"><\/td>\n<td class=\"telerik-reTableEvenCol-2\"><\/td>\n<td class=\"telerik-reTableOddCol-2\"><\/td>\n<td class=\"telerik-reTableLastCol-2\"><\/td>\n<\/tr>\n<tr class=\"telerik-reTableEvenRow-2\">\n<td class=\"telerik-reTableFirstCol-2\">\u00a0Baggio<\/td>\n<td class=\"telerik-reTableOddCol-2\"><\/td>\n<td class=\"telerik-reTableEvenCol-2\"><\/td>\n<td class=\"telerik-reTableOddCol-2\"><\/td>\n<td class=\"telerik-reTableEvenCol-2\"><\/td>\n<td class=\"telerik-reTableOddCol-2\"><img loading=\"lazy\" decoding=\"async\" class=\"alignnone size-full wp-image-2355\" src=\"http:\/\/www.naturit.it\/wp-content\/uploads\/2017\/04\/foglia_ok.png\" alt=\"\" width=\"30\" height=\"30\" \/><\/td>\n<td class=\"telerik-reTableEvenCol-2\"><img loading=\"lazy\" decoding=\"async\" class=\"alignnone size-full wp-image-2355\" src=\"http:\/\/www.naturit.it\/wp-content\/uploads\/2017\/04\/foglia_ok.png\" alt=\"\" width=\"30\" height=\"30\" \/><\/td>\n<td class=\"telerik-reTableOddCol-2\"><img loading=\"lazy\" decoding=\"async\" class=\"alignnone size-full wp-image-2355\" src=\"http:\/\/www.naturit.it\/wp-content\/uploads\/2017\/04\/foglia_ok.png\" alt=\"\" width=\"30\" height=\"30\" \/><\/td>\n<td class=\"telerik-reTableEvenCol-2\"><img loading=\"lazy\" decoding=\"async\" class=\"alignnone size-full wp-image-2355\" src=\"http:\/\/www.naturit.it\/wp-content\/uploads\/2017\/04\/foglia_ok.png\" alt=\"\" width=\"30\" height=\"30\" \/><\/td>\n<td class=\"telerik-reTableOddCol-2\"><\/td>\n<td class=\"telerik-reTableEvenCol-2\"><\/td>\n<td class=\"telerik-reTableOddCol-2\"><\/td>\n<td class=\"telerik-reTableLastCol-2\"><\/td>\n<\/tr>\n<tr class=\"telerik-reTableOddRow-2\">\n<td class=\"telerik-reTableFirstCol-2\">\u00a0Harper<\/td>\n<td class=\"telerik-reTableOddCol-2\"><\/td>\n<td class=\"telerik-reTableEvenCol-2\"><\/td>\n<td class=\"telerik-reTableOddCol-2\"><\/td>\n<td class=\"telerik-reTableEvenCol-2\"><\/td>\n<td class=\"telerik-reTableOddCol-2\"><img loading=\"lazy\" decoding=\"async\" class=\"alignnone size-full wp-image-2355\" src=\"http:\/\/www.naturit.it\/wp-content\/uploads\/2017\/04\/foglia_ok.png\" alt=\"\" width=\"30\" height=\"30\" \/><\/td>\n<td class=\"telerik-reTableEvenCol-2\"><img loading=\"lazy\" decoding=\"async\" class=\"alignnone size-full wp-image-2355\" src=\"http:\/\/www.naturit.it\/wp-content\/uploads\/2017\/04\/foglia_ok.png\" alt=\"\" width=\"30\" height=\"30\" \/><\/td>\n<td class=\"telerik-reTableOddCol-2\"><\/td>\n<td class=\"telerik-reTableEvenCol-2\"><\/td>\n<td class=\"telerik-reTableOddCol-2\"><\/td>\n<td class=\"telerik-reTableEvenCol-2\"><\/td>\n<td class=\"telerik-reTableOddCol-2\"><\/td>\n<td class=\"telerik-reTableLastCol-2\"><\/td>\n<\/tr>\n<tr class=\"telerik-reTableEvenRow-2\">\n<td class=\"telerik-reTableFirstCol-2\">\u00a0Capitol<\/td>\n<td class=\"telerik-reTableOddCol-2\"><\/td>\n<td class=\"telerik-reTableEvenCol-2\"><\/td>\n<td class=\"telerik-reTableOddCol-2\"><\/td>\n<td class=\"telerik-reTableEvenCol-2\"><\/td>\n<td class=\"telerik-reTableOddCol-2\"><\/td>\n<td class=\"telerik-reTableEvenCol-2\"><img loading=\"lazy\" decoding=\"async\" class=\"alignnone size-full wp-image-2355\" src=\"http:\/\/www.naturit.it\/wp-content\/uploads\/2017\/04\/foglia_ok.png\" alt=\"\" width=\"30\" height=\"30\" \/><\/td>\n<td class=\"telerik-reTableOddCol-2\"><img loading=\"lazy\" decoding=\"async\" class=\"alignnone size-full wp-image-2355\" src=\"http:\/\/www.naturit.it\/wp-content\/uploads\/2017\/04\/foglia_ok.png\" alt=\"\" width=\"30\" height=\"30\" \/><\/td>\n<td class=\"telerik-reTableEvenCol-2\"><img loading=\"lazy\" decoding=\"async\" class=\"alignnone size-full wp-image-2355\" src=\"http:\/\/www.naturit.it\/wp-content\/uploads\/2017\/04\/foglia_ok.png\" alt=\"\" width=\"30\" height=\"30\" \/><\/td>\n<td class=\"telerik-reTableOddCol-2\"><img loading=\"lazy\" decoding=\"async\" class=\"alignnone size-full wp-image-2355\" src=\"http:\/\/www.naturit.it\/wp-content\/uploads\/2017\/04\/foglia_ok.png\" alt=\"\" width=\"30\" height=\"30\" \/><\/td>\n<td class=\"telerik-reTableEvenCol-2\"><\/td>\n<td class=\"telerik-reTableOddCol-2\"><\/td>\n<td class=\"telerik-reTableLastCol-2\"><\/td>\n<\/tr>\n<tr class=\"telerik-reTableOddRow-2\">\n<td class=\"telerik-reTableFirstCol-2\">\u00a0Perseo<\/td>\n<td class=\"telerik-reTableOddCol-2\"><\/td>\n<td class=\"telerik-reTableEvenCol-2\"><\/td>\n<td class=\"telerik-reTableOddCol-2\"><\/td>\n<td class=\"telerik-reTableEvenCol-2\"><\/td>\n<td class=\"telerik-reTableOddCol-2\"><\/td>\n<td class=\"telerik-reTableEvenCol-2\"><\/td>\n<td class=\"telerik-reTableOddCol-2\"><img loading=\"lazy\" decoding=\"async\" class=\"alignnone size-full wp-image-2355\" src=\"http:\/\/www.naturit.it\/wp-content\/uploads\/2017\/04\/foglia_ok.png\" alt=\"\" width=\"30\" height=\"30\" \/><\/td>\n<td class=\"telerik-reTableEvenCol-2\"><img loading=\"lazy\" decoding=\"async\" class=\"alignnone size-full wp-image-2355\" src=\"http:\/\/www.naturit.it\/wp-content\/uploads\/2017\/04\/foglia_ok.png\" alt=\"\" width=\"30\" height=\"30\" \/><\/td>\n<td class=\"telerik-reTableOddCol-2\"><\/td>\n<td class=\"telerik-reTableEvenCol-2\"><\/td>\n<td class=\"telerik-reTableOddCol-2\"><\/td>\n<td class=\"telerik-reTableLastCol-2\"><\/td>\n<\/tr>\n<tr class=\"telerik-reTableEvenRow-2\">\n<td class=\"telerik-reTableFirstCol-2\">\u00a0Centro<\/td>\n<td class=\"telerik-reTableOddCol-2\"><\/td>\n<td class=\"telerik-reTableEvenCol-2\"><\/td>\n<td class=\"telerik-reTableOddCol-2\"><\/td>\n<td class=\"telerik-reTableEvenCol-2\"><\/td>\n<td class=\"telerik-reTableOddCol-2\"><\/td>\n<td class=\"telerik-reTableEvenCol-2\"><\/td>\n<td class=\"telerik-reTableOddCol-2\"><img loading=\"lazy\" decoding=\"async\" class=\"alignnone size-full wp-image-2355\" src=\"http:\/\/www.naturit.it\/wp-content\/uploads\/2017\/04\/foglia_ok.png\" alt=\"\" width=\"30\" height=\"30\" \/><\/td>\n<td class=\"telerik-reTableEvenCol-2\"><img loading=\"lazy\" decoding=\"async\" class=\"alignnone size-full wp-image-2355\" src=\"http:\/\/www.naturit.it\/wp-content\/uploads\/2017\/04\/foglia_ok.png\" alt=\"\" width=\"30\" height=\"30\" \/><\/td>\n<td class=\"telerik-reTableOddCol-2\"><img loading=\"lazy\" decoding=\"async\" class=\"alignnone size-full wp-image-2355\" src=\"http:\/\/www.naturit.it\/wp-content\/uploads\/2017\/04\/foglia_ok.png\" alt=\"\" width=\"30\" height=\"30\" \/><\/td>\n<td class=\"telerik-reTableEvenCol-2\"><\/td>\n<td class=\"telerik-reTableOddCol-2\"><\/td>\n<td class=\"telerik-reTableLastCol-2\"><\/td>\n<\/tr>\n<tr class=\"telerik-reTableOddRow-2\">\n<td class=\"telerik-reTableFirstCol-2\">\u00a0Mondial<\/td>\n<td class=\"telerik-reTableOddCol-2\"><\/td>\n<td class=\"telerik-reTableEvenCol-2\"><\/td>\n<td class=\"telerik-reTableOddCol-2\"><\/td>\n<td class=\"telerik-reTableEvenCol-2\"><\/td>\n<td class=\"telerik-reTableOddCol-2\"><\/td>\n<td class=\"telerik-reTableEvenCol-2\"><img loading=\"lazy\" decoding=\"async\" class=\"alignnone size-full wp-image-2355\" src=\"http:\/\/www.naturit.it\/wp-content\/uploads\/2017\/04\/foglia_ok.png\" alt=\"\" width=\"30\" height=\"30\" \/><\/td>\n<td class=\"telerik-reTableOddCol-2\"><img loading=\"lazy\" decoding=\"async\" class=\"alignnone size-full wp-image-2355\" src=\"http:\/\/www.naturit.it\/wp-content\/uploads\/2017\/04\/foglia_ok.png\" alt=\"\" width=\"30\" height=\"30\" \/><\/td>\n<td class=\"telerik-reTableEvenCol-2\"><\/td>\n<td class=\"telerik-reTableOddCol-2\"><\/td>\n<td class=\"telerik-reTableEvenCol-2\"><\/td>\n<td class=\"telerik-reTableOddCol-2\"><\/td>\n<td class=\"telerik-reTableLastCol-2\"><\/td>\n<\/tr>\n<tr class=\"telerik-reTableEvenRow-2\">\n<td class=\"telerik-reTableFirstCol-2\">\u00a0Red Moon<\/td>\n<td class=\"telerik-reTableOddCol-2\"><\/td>\n<td class=\"telerik-reTableEvenCol-2\"><\/td>\n<td class=\"telerik-reTableOddCol-2\"><\/td>\n<td class=\"telerik-reTableEvenCol-2\"><\/td>\n<td class=\"telerik-reTableOddCol-2\"><\/td>\n<td class=\"telerik-reTableEvenCol-2\"><img loading=\"lazy\" decoding=\"async\" class=\"alignnone size-full wp-image-2355\" src=\"http:\/\/www.naturit.it\/wp-content\/uploads\/2017\/04\/foglia_ok.png\" alt=\"\" width=\"30\" height=\"30\" \/><\/td>\n<td class=\"telerik-reTableOddCol-2\"><img loading=\"lazy\" decoding=\"async\" class=\"alignnone size-full wp-image-2355\" src=\"http:\/\/www.naturit.it\/wp-content\/uploads\/2017\/04\/foglia_ok.png\" alt=\"\" width=\"30\" height=\"30\" \/><\/td>\n<td class=\"telerik-reTableEvenCol-2\"><img loading=\"lazy\" decoding=\"async\" class=\"alignnone size-full wp-image-2355\" src=\"http:\/\/www.naturit.it\/wp-content\/uploads\/2017\/04\/foglia_ok.png\" alt=\"\" width=\"30\" height=\"30\" \/><\/td>\n<td class=\"telerik-reTableOddCol-2\"><\/td>\n<td class=\"telerik-reTableEvenCol-2\"><\/td>\n<td class=\"telerik-reTableOddCol-2\"><\/td>\n<td class=\"telerik-reTableLastCol-2\"><\/td>\n<\/tr>\n<tr class=\"telerik-reTableFooterRow-2\">\n<td class=\"telerik-reTableFooterFirstCol-2\">\u00a0Magenta<\/td>\n<td class=\"telerik-reTableFooterOddCol-2\"><\/td>\n<td class=\"telerik-reTableFooterEvenCol-2\"><\/td>\n<td class=\"telerik-reTableFooterOddCol-2\"><\/td>\n<td class=\"telerik-reTableFooterEvenCol-2\"><\/td>\n<td class=\"telerik-reTableFooterOddCol-2\"><\/td>\n<td class=\"telerik-reTableFooterEvenCol-2\"><img loading=\"lazy\" decoding=\"async\" class=\"alignnone size-full wp-image-2355\" src=\"http:\/\/www.naturit.it\/wp-content\/uploads\/2017\/04\/foglia_ok.png\" alt=\"\" width=\"30\" height=\"30\" \/><\/td>\n<td class=\"telerik-reTableFooterOddCol-2\"><img loading=\"lazy\" decoding=\"async\" class=\"alignnone size-full wp-image-2355\" src=\"http:\/\/www.naturit.it\/wp-content\/uploads\/2017\/04\/foglia_ok.png\" alt=\"\" width=\"30\" height=\"30\" \/><\/td>\n<td class=\"telerik-reTableFooterEvenCol-2\"><\/td>\n<td class=\"telerik-reTableFooterOddCol-2\"><\/td>\n<td class=\"telerik-reTableFooterEvenCol-2\"><\/td>\n<td class=\"telerik-reTableFooterOddCol-2\"><\/td>\n<td class=\"telerik-reTableFooterLastCol-2\"><\/td>\n<\/tr>\n<\/tbody>\n<\/table>\n<p>[\/vc_column_text][\/vc_tta_section][vc_tta_section title=&#8221;Produzione e certificazione&#8221; tab_id=&#8221;1492769576269-87c5a1f8-2b80&#8243; el_class=&#8221;pl-production&#8221;][vc_row_inner][vc_column_inner width=&#8221;1\/4&#8243;][vc_separator][vc_custom_heading text=&#8221;Produzione&#8221; font_container=&#8221;tag:h4|text_align:left|color:%232e8010&#8243; use_theme_fonts=&#8221;yes&#8221;][vc_separator][vc_empty_space height=&#8221;10px&#8221;][vc_column_text css_animation=&#8221;flipInX&#8221;]<strong>ITALIA<\/strong><\/p>\n<ul>\n<li>Emilia Romagna<\/li>\n<li>Veneto<\/li>\n<li>Toscana<\/li>\n<li>Lombardia<\/li>\n<li>Sicilia<\/li>\n<\/ul>\n<p>[\/vc_column_text][\/vc_column_inner][vc_column_inner width=&#8221;1\/4&#8243;][vc_separator][vc_custom_heading text=&#8221;Certificazioni&#8221; font_container=&#8221;tag:h4|text_align:left&#8221; use_theme_fonts=&#8221;yes&#8221;][vc_separator][vc_empty_space height=&#8221;10px&#8221;][vc_column_text css_animation=&#8221;fadeInLeft&#8221;]<\/p>\n<ul>\n<li>GlobalGap<\/li>\n<\/ul>\n<p>[\/vc_column_text][\/vc_column_inner][vc_column_inner width=&#8221;1\/4&#8243;][vc_separator][vc_custom_heading text=&#8221;Marchi Qualit\u00e0&#8221; font_container=&#8221;tag:h4|text_align:left&#8221; use_theme_fonts=&#8221;yes&#8221;][vc_separator][vc_empty_space height=&#8221;10px&#8221;][vc_column_text css_animation=&#8221;flipInY&#8221;]<\/p>\n<ul>\n<li>Naturitalia<\/li>\n<li>Naturitaliapiu&#8217;<\/li>\n<\/ul>\n<p>[\/vc_column_text][\/vc_column_inner][vc_column_inner width=&#8221;1\/4&#8243;][vc_separator][vc_custom_heading text=&#8221;Tecnica&#8221; font_container=&#8221;tag:h4|text_align:left&#8221; use_theme_fonts=&#8221;yes&#8221;][vc_separator][vc_empty_space height=&#8221;10px&#8221;][vc_column_text css_animation=&#8221;fadeInRightBig&#8221;]Produzione a Lotta\u00a0Integrata[\/vc_column_text][\/vc_column_inner][\/vc_row_inner][\/vc_tta_section][\/vc_tta_tabs][\/vc_column][\/vc_row]<\/p>\n","protected":false},"excerpt":{"rendered":"<p>Coltura erbacea a ciclo annuale con elevate esigenze idriche e termiche, predilige terreni profondi e ben drenati, con elevata capacit\u00e0 di ritenzione idrica. Tollera terreni leggermente calcarei ma non si adatta a terreni acidi. Frutto di forma sferica o allungata, dotato di retatura pi\u00f9 o meno marcata, di colorazione gialla con la solcatura della fetta verde. La polpa, di colorazione salmone, \u00e8 molto soda, fondente, dotata di buon grado zuccherino.<\/p>\n<div class=\"pl-little-green\"><em><br \/>\nLa produzione di Melone nel sistema Naturitalia \u00e8 realizzata nelle aree vocate delle regioni del Nord, del Centro e del Sud Italia.<\/em><\/div>\n","protected":false},"featured_media":2539,"comment_status":"closed","ping_status":"closed","template":"","meta":{"_acf_changed":false},"product_brand":[],"product_cat":[61],"product_tag":[],"class_list":{"0":"post-1431","1":"product","2":"type-product","3":"status-publish","4":"has-post-thumbnail","6":"product_cat-ortaggi","7":"has-featured","9":"first","10":"instock","11":"shipping-taxable","12":"product-type-simple"},"acf":[],"yoast_head":"<!-- This site is optimized with the Yoast SEO plugin v27.3 - https:\/\/yoast.com\/product\/yoast-seo-wordpress\/ -->\n<title>Meloni - Naturitalia<\/title>\n<meta name=\"robots\" content=\"index, follow, max-snippet:-1, max-image-preview:large, max-video-preview:-1\" \/>\n<link rel=\"canonical\" href=\"https:\/\/www.naturit.it\/it\/prodotto\/meloni\/\" \/>\n<meta property=\"og:locale\" content=\"it_IT\" \/>\n<meta property=\"og:type\" content=\"article\" \/>\n<meta property=\"og:title\" content=\"Meloni - Naturitalia\" \/>\n<meta property=\"og:description\" content=\"Coltura erbacea a ciclo annuale con elevate esigenze idriche e termiche, predilige terreni profondi e ben drenati, con elevata capacit\u00e0 di ritenzione idrica. Tollera terreni leggermente calcarei ma non si adatta a terreni acidi. Frutto di forma sferica o allungata, dotato di retatura pi\u00f9 o meno marcata, di colorazione gialla con la solcatura della fetta verde. La polpa, di colorazione salmone, \u00e8 molto soda, fondente, dotata di buon grado zuccherino.  La produzione di Melone nel sistema Naturitalia \u00e8 realizzata nelle aree vocate delle regioni del Nord, del Centro e del Sud Italia.\" \/>\n<meta property=\"og:url\" content=\"https:\/\/www.naturit.it\/it\/prodotto\/meloni\/\" \/>\n<meta property=\"og:site_name\" content=\"Naturitalia\" \/>\n<meta property=\"article:publisher\" content=\"http:\/\/www.facebook.com\/pages\/Naturitalia\/375790549147932\" \/>\n<meta property=\"article:modified_time\" content=\"2017-09-27T12:17:11+00:00\" \/>\n<meta property=\"og:image\" content=\"https:\/\/www.naturit.it\/wp-content\/uploads\/2017\/05\/melone-sito.jpg\" \/>\n\t<meta property=\"og:image:width\" content=\"579\" \/>\n\t<meta property=\"og:image:height\" content=\"597\" \/>\n\t<meta property=\"og:image:type\" content=\"image\/jpeg\" \/>\n<meta name=\"twitter:card\" content=\"summary_large_image\" \/>\n<meta name=\"twitter:site\" content=\"@Naturitalia\" \/>\n<meta name=\"twitter:label1\" content=\"Tempo di lettura stimato\" \/>\n\t<meta name=\"twitter:data1\" content=\"1 minuto\" \/>\n<script type=\"application\/ld+json\" class=\"yoast-schema-graph\">{\"@context\":\"https:\\\/\\\/schema.org\",\"@graph\":[{\"@type\":\"WebPage\",\"@id\":\"https:\\\/\\\/www.naturit.it\\\/it\\\/prodotto\\\/meloni\\\/\",\"url\":\"https:\\\/\\\/www.naturit.it\\\/it\\\/prodotto\\\/meloni\\\/\",\"name\":\"Meloni - Naturitalia\",\"isPartOf\":{\"@id\":\"https:\\\/\\\/www.naturit.it\\\/it\\\/#website\"},\"primaryImageOfPage\":{\"@id\":\"https:\\\/\\\/www.naturit.it\\\/it\\\/prodotto\\\/meloni\\\/#primaryimage\"},\"image\":{\"@id\":\"https:\\\/\\\/www.naturit.it\\\/it\\\/prodotto\\\/meloni\\\/#primaryimage\"},\"thumbnailUrl\":\"https:\\\/\\\/www.naturit.it\\\/wp-content\\\/uploads\\\/2017\\\/05\\\/melone-sito.jpg\",\"datePublished\":\"2017-05-05T15:47:57+00:00\",\"dateModified\":\"2017-09-27T12:17:11+00:00\",\"breadcrumb\":{\"@id\":\"https:\\\/\\\/www.naturit.it\\\/it\\\/prodotto\\\/meloni\\\/#breadcrumb\"},\"inLanguage\":\"it-IT\",\"potentialAction\":[{\"@type\":\"ReadAction\",\"target\":[\"https:\\\/\\\/www.naturit.it\\\/it\\\/prodotto\\\/meloni\\\/\"]}]},{\"@type\":\"ImageObject\",\"inLanguage\":\"it-IT\",\"@id\":\"https:\\\/\\\/www.naturit.it\\\/it\\\/prodotto\\\/meloni\\\/#primaryimage\",\"url\":\"https:\\\/\\\/www.naturit.it\\\/wp-content\\\/uploads\\\/2017\\\/05\\\/melone-sito.jpg\",\"contentUrl\":\"https:\\\/\\\/www.naturit.it\\\/wp-content\\\/uploads\\\/2017\\\/05\\\/melone-sito.jpg\",\"width\":579,\"height\":597},{\"@type\":\"BreadcrumbList\",\"@id\":\"https:\\\/\\\/www.naturit.it\\\/it\\\/prodotto\\\/meloni\\\/#breadcrumb\",\"itemListElement\":[{\"@type\":\"ListItem\",\"position\":1,\"name\":\"Home\",\"item\":\"https:\\\/\\\/www.naturit.it\\\/it\\\/\"},{\"@type\":\"ListItem\",\"position\":2,\"name\":\"Prodotti\",\"item\":\"https:\\\/\\\/www.naturit.it\\\/it\\\/prodotti\\\/\"},{\"@type\":\"ListItem\",\"position\":3,\"name\":\"Meloni\"}]},{\"@type\":\"WebSite\",\"@id\":\"https:\\\/\\\/www.naturit.it\\\/it\\\/#website\",\"url\":\"https:\\\/\\\/www.naturit.it\\\/it\\\/\",\"name\":\"Naturitalia\",\"description\":\"Una grande cooperativa ortofrutticola italiana\",\"publisher\":{\"@id\":\"https:\\\/\\\/www.naturit.it\\\/it\\\/#organization\"},\"potentialAction\":[{\"@type\":\"SearchAction\",\"target\":{\"@type\":\"EntryPoint\",\"urlTemplate\":\"https:\\\/\\\/www.naturit.it\\\/it\\\/?s={search_term_string}\"},\"query-input\":{\"@type\":\"PropertyValueSpecification\",\"valueRequired\":true,\"valueName\":\"search_term_string\"}}],\"inLanguage\":\"it-IT\"},{\"@type\":\"Organization\",\"@id\":\"https:\\\/\\\/www.naturit.it\\\/it\\\/#organization\",\"name\":\"Naturitalia\",\"url\":\"https:\\\/\\\/www.naturit.it\\\/it\\\/\",\"logo\":{\"@type\":\"ImageObject\",\"inLanguage\":\"it-IT\",\"@id\":\"https:\\\/\\\/www.naturit.it\\\/it\\\/#\\\/schema\\\/logo\\\/image\\\/\",\"url\":\"https:\\\/\\\/www.naturit.it\\\/wp-content\\\/uploads\\\/2017\\\/06\\\/logo-2.png\",\"contentUrl\":\"https:\\\/\\\/www.naturit.it\\\/wp-content\\\/uploads\\\/2017\\\/06\\\/logo-2.png\",\"width\":395,\"height\":218,\"caption\":\"Naturitalia\"},\"image\":{\"@id\":\"https:\\\/\\\/www.naturit.it\\\/it\\\/#\\\/schema\\\/logo\\\/image\\\/\"},\"sameAs\":[\"http:\\\/\\\/www.facebook.com\\\/pages\\\/Naturitalia\\\/375790549147932\",\"https:\\\/\\\/x.com\\\/Naturitalia\",\"https:\\\/\\\/www.youtube.com\\\/channel\\\/UCTUzMKWvVgBI3YAVjSbhinQ\"]}]}<\/script>\n<!-- \/ Yoast SEO plugin. -->","yoast_head_json":{"title":"Meloni - Naturitalia","robots":{"index":"index","follow":"follow","max-snippet":"max-snippet:-1","max-image-preview":"max-image-preview:large","max-video-preview":"max-video-preview:-1"},"canonical":"https:\/\/www.naturit.it\/it\/prodotto\/meloni\/","og_locale":"it_IT","og_type":"article","og_title":"Meloni - Naturitalia","og_description":"Coltura erbacea a ciclo annuale con elevate esigenze idriche e termiche, predilige terreni profondi e ben drenati, con elevata capacit\u00e0 di ritenzione idrica. Tollera terreni leggermente calcarei ma non si adatta a terreni acidi. Frutto di forma sferica o allungata, dotato di retatura pi\u00f9 o meno marcata, di colorazione gialla con la solcatura della fetta verde. La polpa, di colorazione salmone, \u00e8 molto soda, fondente, dotata di buon grado zuccherino.  La produzione di Melone nel sistema Naturitalia \u00e8 realizzata nelle aree vocate delle regioni del Nord, del Centro e del Sud Italia.","og_url":"https:\/\/www.naturit.it\/it\/prodotto\/meloni\/","og_site_name":"Naturitalia","article_publisher":"http:\/\/www.facebook.com\/pages\/Naturitalia\/375790549147932","article_modified_time":"2017-09-27T12:17:11+00:00","og_image":[{"width":579,"height":597,"url":"https:\/\/www.naturit.it\/wp-content\/uploads\/2017\/05\/melone-sito.jpg","type":"image\/jpeg"}],"twitter_card":"summary_large_image","twitter_site":"@Naturitalia","twitter_misc":{"Tempo di lettura stimato":"1 minuto"},"schema":{"@context":"https:\/\/schema.org","@graph":[{"@type":"WebPage","@id":"https:\/\/www.naturit.it\/it\/prodotto\/meloni\/","url":"https:\/\/www.naturit.it\/it\/prodotto\/meloni\/","name":"Meloni - Naturitalia","isPartOf":{"@id":"https:\/\/www.naturit.it\/it\/#website"},"primaryImageOfPage":{"@id":"https:\/\/www.naturit.it\/it\/prodotto\/meloni\/#primaryimage"},"image":{"@id":"https:\/\/www.naturit.it\/it\/prodotto\/meloni\/#primaryimage"},"thumbnailUrl":"https:\/\/www.naturit.it\/wp-content\/uploads\/2017\/05\/melone-sito.jpg","datePublished":"2017-05-05T15:47:57+00:00","dateModified":"2017-09-27T12:17:11+00:00","breadcrumb":{"@id":"https:\/\/www.naturit.it\/it\/prodotto\/meloni\/#breadcrumb"},"inLanguage":"it-IT","potentialAction":[{"@type":"ReadAction","target":["https:\/\/www.naturit.it\/it\/prodotto\/meloni\/"]}]},{"@type":"ImageObject","inLanguage":"it-IT","@id":"https:\/\/www.naturit.it\/it\/prodotto\/meloni\/#primaryimage","url":"https:\/\/www.naturit.it\/wp-content\/uploads\/2017\/05\/melone-sito.jpg","contentUrl":"https:\/\/www.naturit.it\/wp-content\/uploads\/2017\/05\/melone-sito.jpg","width":579,"height":597},{"@type":"BreadcrumbList","@id":"https:\/\/www.naturit.it\/it\/prodotto\/meloni\/#breadcrumb","itemListElement":[{"@type":"ListItem","position":1,"name":"Home","item":"https:\/\/www.naturit.it\/it\/"},{"@type":"ListItem","position":2,"name":"Prodotti","item":"https:\/\/www.naturit.it\/it\/prodotti\/"},{"@type":"ListItem","position":3,"name":"Meloni"}]},{"@type":"WebSite","@id":"https:\/\/www.naturit.it\/it\/#website","url":"https:\/\/www.naturit.it\/it\/","name":"Naturitalia","description":"Una grande cooperativa ortofrutticola italiana","publisher":{"@id":"https:\/\/www.naturit.it\/it\/#organization"},"potentialAction":[{"@type":"SearchAction","target":{"@type":"EntryPoint","urlTemplate":"https:\/\/www.naturit.it\/it\/?s={search_term_string}"},"query-input":{"@type":"PropertyValueSpecification","valueRequired":true,"valueName":"search_term_string"}}],"inLanguage":"it-IT"},{"@type":"Organization","@id":"https:\/\/www.naturit.it\/it\/#organization","name":"Naturitalia","url":"https:\/\/www.naturit.it\/it\/","logo":{"@type":"ImageObject","inLanguage":"it-IT","@id":"https:\/\/www.naturit.it\/it\/#\/schema\/logo\/image\/","url":"https:\/\/www.naturit.it\/wp-content\/uploads\/2017\/06\/logo-2.png","contentUrl":"https:\/\/www.naturit.it\/wp-content\/uploads\/2017\/06\/logo-2.png","width":395,"height":218,"caption":"Naturitalia"},"image":{"@id":"https:\/\/www.naturit.it\/it\/#\/schema\/logo\/image\/"},"sameAs":["http:\/\/www.facebook.com\/pages\/Naturitalia\/375790549147932","https:\/\/x.com\/Naturitalia","https:\/\/www.youtube.com\/channel\/UCTUzMKWvVgBI3YAVjSbhinQ"]}]}},"_links":{"self":[{"href":"https:\/\/www.naturit.it\/it\/wp-json\/wp\/v2\/product\/1431","targetHints":{"allow":["GET"]}}],"collection":[{"href":"https:\/\/www.naturit.it\/it\/wp-json\/wp\/v2\/product"}],"about":[{"href":"https:\/\/www.naturit.it\/it\/wp-json\/wp\/v2\/types\/product"}],"replies":[{"embeddable":true,"href":"https:\/\/www.naturit.it\/it\/wp-json\/wp\/v2\/comments?post=1431"}],"wp:featuredmedia":[{"embeddable":true,"href":"https:\/\/www.naturit.it\/it\/wp-json\/wp\/v2\/media\/2539"}],"wp:attachment":[{"href":"https:\/\/www.naturit.it\/it\/wp-json\/wp\/v2\/media?parent=1431"}],"wp:term":[{"taxonomy":"product_brand","embeddable":true,"href":"https:\/\/www.naturit.it\/it\/wp-json\/wp\/v2\/product_brand?post=1431"},{"taxonomy":"product_cat","embeddable":true,"href":"https:\/\/www.naturit.it\/it\/wp-json\/wp\/v2\/product_cat?post=1431"},{"taxonomy":"product_tag","embeddable":true,"href":"https:\/\/www.naturit.it\/it\/wp-json\/wp\/v2\/product_tag?post=1431"}],"curies":[{"name":"wp","href":"https:\/\/api.w.org\/{rel}","templated":true}]}}